{"id":94,"date":"2025-04-10T21:24:32","date_gmt":"2025-04-10T21:24:32","guid":{"rendered":"https:\/\/calabazafotografia.com\/?page_id=94"},"modified":"2025-04-10T21:24:32","modified_gmt":"2025-04-10T21:24:32","slug":"acerca-de","status":"publish","type":"page","link":"https:\/\/calabazafotografia.com\/index.php\/acerca-de\/","title":{"rendered":"Acerca de"},"content":{"rendered":"\n<p>Calabaza nace en el 2025 como un estudio de fotograf\u00eda comercial especializado en la rama gastron\u00f3mica o de alimentos.<\/p>\n\n\n\n<p>La finalidad de nuestro estudio es aprovechar al m\u00e1ximo las herramientas para la creaci\u00f3n de im\u00e1genes, con el prop\u00f3sito de conseguir fotograf\u00edas eficaces para la promoci\u00f3n de los productos de nuestros clientes. <\/p>\n\n\n\n<div class=\"wp-block-media-text is-stacked-on-mobile\" style=\"grid-template-columns:42% auto\"><figure class=\"wp-block-media-text__media\"><img loading=\"lazy\" decoding=\"async\" width=\"638\" height=\"1024\" src=\"https:\/\/calabazafotografia.com\/wp-content\/uploads\/2025\/04\/Acerca-de-1-638x1024.jpg\" alt=\"\" class=\"wp-image-95 size-full\" srcset=\"https:\/\/calabazafotografia.com\/wp-content\/uploads\/2025\/04\/Acerca-de-1-638x1024.jpg 638w, https:\/\/calabazafotografia.com\/wp-content\/uploads\/2025\/04\/Acerca-de-1-187x300.jpg 187w, https:\/\/calabazafotografia.com\/wp-content\/uploads\/2025\/04\/Acerca-de-1-768x1232.jpg 768w, https:\/\/calabazafotografia.com\/wp-content\/uploads\/2025\/04\/Acerca-de-1-958x1536.jpg 958w, https:\/\/calabazafotografia.com\/wp-content\/uploads\/2025\/04\/Acerca-de-1.jpg 1197w\" sizes=\"auto, (max-width: 638px) 100vw, 638px\" \/><\/figure><div class=\"wp-block-media-text__content\">\n<p>El estudio es fundado por Miguel G\u00f3mez Curiel. Fotogr\u00e1fo desde 2006, su trayectoria est\u00e1 basada en una constante formaci\u00f3n y en la b\u00fasqueda de un lenguaje visual propio. <\/p>\n\n\n\n<p>Para m\u00e1s informes puedes acceder <a href=\"https:\/\/miguelgomezcuriel.com\/semblanza-curricular\/\">aqu\u00ed<\/a>. <\/p>\n<\/div><\/div>\n","protected":false},"excerpt":{"rendered":"<p>Calabaza nace en el 2025 como un estudio de fotograf\u00eda comercial especializado en la rama gastron\u00f3mica o de alimentos. La finalidad de nuestro estudio es aprovechar al m\u00e1ximo [&hellip;]<\/p>\n","protected":false},"author":1,"featured_media":0,"parent":0,"menu_order":0,"comment_status":"closed","ping_status":"closed","template":"","meta":{"footnotes":""},"class_list":["post-94","page","type-page","status-publish","hentry"],"_links":{"self":[{"href":"https:\/\/calabazafotografia.com\/index.php\/wp-json\/wp\/v2\/pages\/94","targetHints":{"allow":["GET"]}}],"collection":[{"href":"https:\/\/calabazafotografia.com\/index.php\/wp-json\/wp\/v2\/pages"}],"about":[{"href":"https:\/\/calabazafotografia.com\/index.php\/wp-json\/wp\/v2\/types\/page"}],"author":[{"embeddable":true,"href":"https:\/\/calabazafotografia.com\/index.php\/wp-json\/wp\/v2\/users\/1"}],"replies":[{"embeddable":true,"href":"https:\/\/calabazafotografia.com\/index.php\/wp-json\/wp\/v2\/comments?post=94"}],"version-history":[{"count":1,"href":"https:\/\/calabazafotografia.com\/index.php\/wp-json\/wp\/v2\/pages\/94\/revisions"}],"predecessor-version":[{"id":96,"href":"https:\/\/calabazafotografia.com\/index.php\/wp-json\/wp\/v2\/pages\/94\/revisions\/96"}],"wp:attachment":[{"href":"https:\/\/calabazafotografia.com\/index.php\/wp-json\/wp\/v2\/media?parent=94"}],"curies":[{"name":"wp","href":"https:\/\/api.w.org\/{rel}","templated":true}]}}